{"id":73384,"date":"2025-05-21T15:28:28","date_gmt":"2025-05-21T12:28:28","guid":{"rendered":"https:\/\/nimetech.fi\/?page_id=73384"},"modified":"2025-05-27T15:54:46","modified_gmt":"2025-05-27T12:54:46","slug":"nimetech-st","status":"publish","type":"page","link":"https:\/\/nimetech.fi\/sv\/nimetech-st\/","title":{"rendered":"Nimetech ST"},"content":{"rendered":"<div class=\"wp-block-wm-st-landing-page-header\">\n    <div class=\"wp-block-wm-st-landing-page-header__inner\">\n        <div class=\"wp-block-wm-st-landing-page-header__text\">\n            <p class=\"wm-overscript\">NIMETECH ST<\/p>\n            <h2 class=\"has-fs-65\">Effektiv hantering av plast- och st\u00e5lband<\/h2>\n            <div class=\"wp-block-wm-st-landing-page-header__paragraph\">\n                \n\n<p>Nimetechs ST-maskiner \u00e4r utvecklade f\u00f6r att snabbt och s\u00e4kert klippa banden i korta l\u00e4ngder direkt efter lossning. De avklippta bitarna faller i ett k\u00e4rl under maskinen, vilket f\u00f6rb\u00e4ttrar arbetsfl\u00f6det och skapar en tryggare arbetsmilj\u00f6.<\/p>\n\n\n\n<div class=\"wp-block-buttons  has-mt-40 is-content-justification-left is-layout-flex wp-container-core-buttons-is-layout-fdcfc74e wp-block-buttons-is-layout-flex\">\n<div class=\"wp-block-button -light\"><a class=\"wp-block-button__link wp-element-button\" href=\"#machines\">V\u00c5RA MASKINER<\/a><\/div>\n<\/div>\n\n            <\/div>\n        <\/div>\n    <\/div>\n    <div class=\"wp-block-wm-st-landing-page-header__image\">\n        <img loading=\"lazy\" decoding=\"async\" width=\"1208\" height=\"941\" src=\"https:\/\/nimetech.fi\/wp-content\/uploads\/2025\/05\/ST-light-gray.png\" class=\"attachment-full size-full\" alt=\"\" srcset=\"https:\/\/nimetech.fi\/wp-content\/uploads\/2025\/05\/ST-light-gray.png 1208w, https:\/\/nimetech.fi\/wp-content\/uploads\/2025\/05\/ST-light-gray-980x763.png 980w, https:\/\/nimetech.fi\/wp-content\/uploads\/2025\/05\/ST-light-gray-480x374.png 480w\" sizes=\"(min-width: 0px) and (max-width: 480px) 480px, (min-width: 481px) and (max-width: 980px) 980px, (min-width: 981px) 1208px, 100vw\" \/>    <\/div>\n<\/div>\n\n\n<section style=\"background-color:#e7e7eb;\" class=\"wp-block-wm-section has-background\">\r\n\t\t<div class=\"wp-block-wm-section__inner\">\r\n\t\t\n\n<div class=\"wp-block-columns wm-columns -two-50-50 is-layout-flex wp-container-core-columns-is-layout-9d6595d7 wp-block-columns-is-layout-flex\">\n<div class=\"wp-block-column is-vertically-aligned-center is-layout-flow wp-block-column-is-layout-flow\">\n<p class=\"wm-overscript\">ETT SMARTARE VAL<\/p>\n\n\n\n<h2 class=\"wp-block-heading has-fs-45\">Kortare band inneb\u00e4r f\u00e4rre risker och b\u00e4ttre arbetsfl\u00f6de<\/h2>\n\n\n\r\n<div class=\"has-max-width-50ch wp-block-wm-wrapper\">\r\n    \n\n<p>N\u00e4r plast- och st\u00e5lband tas bort fr\u00e5n pallar och gods beh\u00f6ver de snabbt tas om hand. Band som blir kvar p\u00e5 arbetsplatsen tar upp v\u00e4rdefullt utrymme, f\u00f6rsv\u00e5rar hanteringen och \u00f6kar risken f\u00f6r arbetsplatsolyckor.<\/p>\n\n\n\n<p>Spillet blir ocks\u00e5 l\u00e4ttare att sortera eller s\u00e4lja vidare f\u00f6r \u00e5tervinning \u2013 en f\u00f6rdel som b\u00e5de s\u00e4nker kostnader och st\u00e4rker verksamhetens h\u00e5llbarhetsarbete.<\/p>\n\n<\/div>\r\n<\/div>\n\n\n\n<div class=\"wp-block-column is-vertically-aligned-center is-layout-flow wp-block-column-is-layout-flow\">\n<figure class=\"wp-block-image alignfull size-full has-border-radius-12\"><img loading=\"lazy\" decoding=\"async\" width=\"674\" height=\"613\" src=\"https:\/\/nimetech.fi\/wp-content\/uploads\/2025\/05\/02-ett-smartare-val.jpg\" alt=\"\" class=\"wp-image-73420\" srcset=\"https:\/\/nimetech.fi\/wp-content\/uploads\/2025\/05\/02-ett-smartare-val.jpg 674w, https:\/\/nimetech.fi\/wp-content\/uploads\/2025\/05\/02-ett-smartare-val-480x437.jpg 480w\" sizes=\"(min-width: 0px) and (max-width: 480px) 480px, (min-width: 481px) 674px, 100vw\" \/><\/figure>\n<\/div>\n<\/div>\n\n\t<\/div>\r\n<\/section>\r\n\n\n\n<div id=\"machines\"><\/div>\n\n\n<section style=\"background-color:#c7cdd5;\" class=\"wp-block-wm-section has-background\">\r\n\t\t<div class=\"wp-block-wm-section__inner\">\r\n\t\t\n\n<p class=\"wm-overscript\">NIMETECH ST-MASKINER<\/p>\n\n\n\n<h2 class=\"wp-block-heading has-fs-45 has-max-width-25ch\">Tre modeller f\u00f6r olika material, behov och volymer<\/h2>\n\n\n\n<div class=\"has-mt-100 wp-block-wm-st-landing-page-product\">\n    <div class=\"wp-block-wm-st-landing-page-product__inner\">\n        <div class=\"wp-block-wm-st-landing-page-product__text\">\n            <p class=\"wm-overscript\">NIMETECH ST LIGHT<\/p>\n            <h3 class=\"has-fs-34\">Den minsta varianten f\u00f6r enbart plast<\/h3>\n            \n\n<ul class=\"wp-block-list\">\n<li>Motor: 550 W, 3-fas<\/li>\n\n\n\n<li>Kapkapacitet: plastband (PET\/PE\/PP) upp till 25 \u00d7 2 mm<\/li>\n\n\n\n<li>Inmatningshastighet: 16,9 m\/min<\/li>\n\n\n\n<li>Inmatnings\u00f6ppning: 8 \u00d7 30 mm<\/li>\n\n\n\n<li>Klippl\u00e4ngd: ca 16 mm<\/li>\n\n\n\n<li>M\u00e5tt (L \u00d7 B \u00d7 H): 520 \u00d7 322 \u00d7 365 mm<\/li>\n\n\n\n<li>Vikt: ca 46 kg<\/li>\n<\/ul>\n\n \n        <\/div>\n        <div class=\"wp-block-wm-st-landing-page-product__image\">\n            <img loading=\"lazy\" decoding=\"async\" width=\"674\" height=\"520\" src=\"https:\/\/nimetech.fi\/wp-content\/uploads\/2025\/05\/03-ST-light-gray.png\" class=\"attachment-full size-full\" alt=\"\" srcset=\"https:\/\/nimetech.fi\/wp-content\/uploads\/2025\/05\/03-ST-light-gray.png 674w, https:\/\/nimetech.fi\/wp-content\/uploads\/2025\/05\/03-ST-light-gray-480x370.png 480w\" sizes=\"(min-width: 0px) and (max-width: 480px) 480px, (min-width: 481px) 674px, 100vw\" \/>        <\/div>\n    <\/div>\n<\/div>\n\n\n\n<div class=\"wp-block-wm-st-landing-page-product\">\n    <div class=\"wp-block-wm-st-landing-page-product__inner\">\n        <div class=\"wp-block-wm-st-landing-page-product__text\">\n            <p class=\"wm-overscript\">NIMETECH ST-15-SP<\/p>\n            <h3 class=\"has-fs-34\">F\u00f6r st\u00e5lband upp till 19 mm och plastband<\/h3>\n            \n\n<ul class=\"wp-block-list\">\n<li>Motor: 1,5 kW, 3-fas<\/li>\n\n\n\n<li>Kapkapacitet: st\u00e5lband upp till 19 mm breda \u00d7 1,0 mm tjocka, plastband och st\u00e5ltr\u00e5d<\/li>\n\n\n\n<li>Inmatningshastighet: 27,5 m\/min<\/li>\n\n\n\n<li>Inmatnings\u00f6ppning: 10 \u00d7 40 mm<\/li>\n\n\n\n<li>Klippl\u00e4ngd: ca 61,5 mm<\/li>\n\n\n\n<li>M\u00e5tt (L \u00d7 B \u00d7 H): 730 \u00d7 450 \u00d7 530 mm<\/li>\n\n\n\n<li>Vikt: ca 210 kg<\/li>\n<\/ul>\n\n \n        <\/div>\n        <div class=\"wp-block-wm-st-landing-page-product__image\">\n            <img loading=\"lazy\" decoding=\"async\" width=\"674\" height=\"520\" src=\"https:\/\/nimetech.fi\/wp-content\/uploads\/2025\/05\/04-ST-22-HD.png\" class=\"attachment-full size-full\" alt=\"\" srcset=\"https:\/\/nimetech.fi\/wp-content\/uploads\/2025\/05\/04-ST-22-HD.png 674w, https:\/\/nimetech.fi\/wp-content\/uploads\/2025\/05\/04-ST-22-HD-480x370.png 480w\" sizes=\"(min-width: 0px) and (max-width: 480px) 480px, (min-width: 481px) 674px, 100vw\" \/>        <\/div>\n    <\/div>\n<\/div>\n\n\n\n<div class=\"wp-block-wm-st-landing-page-product\">\n    <div class=\"wp-block-wm-st-landing-page-product__inner\">\n        <div class=\"wp-block-wm-st-landing-page-product__text\">\n            <p class=\"wm-overscript\">NIMETECH ST-22-HD<\/p>\n            <h3 class=\"has-fs-34\">F\u00f6r gr\u00f6vre st\u00e5lband och h\u00f6gre belastningar<\/h3>\n            \n\n<ul class=\"wp-block-list\">\n<li>Motor: 2,2 kW, 3-fas<\/li>\n\n\n\n<li>Kapkapacitet: st\u00e5lband upp till 32 mm breda \u00d7 1,2 mm tjocka, plastband och st\u00e5ltr\u00e5d upp till \u00d8 5 mm&nbsp;<\/li>\n\n\n\n<li>Inmatningshastighet: 27,5 m\/min<\/li>\n\n\n\n<li>Inmatnings\u00f6ppning: 10 \u00d7 40 mm<\/li>\n\n\n\n<li>Klippl\u00e4ngd: ca 61,5 mm<\/li>\n\n\n\n<li>M\u00e5tt (L \u00d7 B \u00d7 H): 730 \u00d7 450 \u00d7 530 mm<\/li>\n\n\n\n<li>Vikt: ca 245 kg<\/li>\n<\/ul>\n\n \n        <\/div>\n        <div class=\"wp-block-wm-st-landing-page-product__image\">\n            <img loading=\"lazy\" decoding=\"async\" width=\"674\" height=\"520\" src=\"https:\/\/nimetech.fi\/wp-content\/uploads\/2025\/05\/04-ST-22-HD.png\" class=\"attachment-full size-full\" alt=\"\" srcset=\"https:\/\/nimetech.fi\/wp-content\/uploads\/2025\/05\/04-ST-22-HD.png 674w, https:\/\/nimetech.fi\/wp-content\/uploads\/2025\/05\/04-ST-22-HD-480x370.png 480w\" sizes=\"(min-width: 0px) and (max-width: 480px) 480px, (min-width: 481px) 674px, 100vw\" \/>        <\/div>\n    <\/div>\n<\/div>\n\n\n\n<div class=\"wp-block-wm-st-landing-page-product\">\n    <div class=\"wp-block-wm-st-landing-page-product__inner\">\n        <div class=\"wp-block-wm-st-landing-page-product__text\">\n            <p class=\"wm-overscript\">NIMETECH ST-40<\/p>\n            <h3 class=\"has-fs-34\">F\u00f6r tyngre drift och maximal kapacitet<\/h3>\n            \n\n<ul class=\"wp-block-list\">\n<li>Motor: 4,0 kW + 0,12 kW, 3-fas<\/li>\n\n\n\n<li>Inmatningshastighet: justerbar, max 28 m\/min<\/li>\n\n\n\n<li>Inmatnings\u00f6ppning: 20* \u00d7 87 mm<\/li>\n\n\n\n<li>Klippl\u00e4ngd: justerbart<\/li>\n\n\n\n<li>Klippenergi: 1500 J<\/li>\n\n\n\n<li>M\u00e5tt (L \u00d7 B \u00d7 H): 1350 \u00d7 650 \u00d7 600 mm<\/li>\n\n\n\n<li>Beh\u00e5llarens m\u00e5tt (L \u00d7 B \u00d7 H): 1 175 \u00d7 780 \u00d7 800* mm<\/li>\n\n\n\n<li>Vikt: ca 600 kg (665 kg med pidestal)<\/li>\n<\/ul>\n\n\n\n<p class=\"has-cyan-bluish-gray-color has-text-color has-link-color wp-elements-31313b23725df1b5f2eb69722e1f9918 translation-block\">*Anpassade f\u00f6r att uppfylla s\u00e4kerhetskrav enligt ISO 13857 Information om materialhantering ges av \u00e5terf\u00f6rs\u00e4ljare.<\/p>\n\n \n        <\/div>\n        <div class=\"wp-block-wm-st-landing-page-product__image\">\n            <img loading=\"lazy\" decoding=\"async\" width=\"674\" height=\"520\" src=\"https:\/\/nimetech.fi\/wp-content\/uploads\/2025\/05\/06-ST-40.png\" class=\"attachment-full size-full\" alt=\"\" srcset=\"https:\/\/nimetech.fi\/wp-content\/uploads\/2025\/05\/06-ST-40.png 674w, https:\/\/nimetech.fi\/wp-content\/uploads\/2025\/05\/06-ST-40-480x370.png 480w\" sizes=\"(min-width: 0px) and (max-width: 480px) 480px, (min-width: 481px) 674px, 100vw\" \/>        <\/div>\n    <\/div>\n<\/div>\n\n\t<\/div>\r\n<\/section>\r\n\n\n<section style=\"background-color:#163051;\" class=\"wp-elements-4a57cd0861fff012047b78219e339ee0 wp-block-wm-section has-text-color has-white-color has-background\">\r\n\t\t<div class=\"wp-block-wm-section__inner\">\r\n\t\t\n\n<div class=\"wp-block-columns wm-columns is-layout-flex wp-container-core-columns-is-layout-9d6595d7 wp-block-columns-is-layout-flex\">\n<div class=\"wp-block-column is-vertically-aligned-center is-layout-flow wp-block-column-is-layout-flow\">\r\n<div class=\"has-max-width-50ch wp-block-wm-wrapper\">\r\n    \n\n<p class=\"wm-overscript\">KONTAKT<\/p>\n\n\n\n<h2 class=\"wp-block-heading has-fs-45 has-white-color has-text-color has-link-color wp-elements-7600b91bd7b73465962bf626179121b2\">Intresserad av v\u00e5ra maskiner?<\/h2>\n\n\n\n<p>F\u00f6r mer information om Nimetechs ST-maskiner, leveransvillkor och offert, v\u00e4nligen kontakta v\u00e5r \u00e5terf\u00f6rs\u00e4ljare.<\/p>\n\n\n\n<hr class=\"wp-block-separator has-text-color has-white-color has-alpha-channel-opacity has-white-background-color has-background is-style-wide\"\/>\n\n\n\n<p class=\"translation-block\"><strong>Repak AB<\/strong><br>\nHeljesv\u00e4gen 11<br>\n437 36 Lindome<\/p>\n\n\n\n<p class=\"has-text-decoration-underline has-text-color has-link-color wp-elements-8dae0122b1fc3bbdfc6cd52c3c8bfd2a translation-block\" style=\"color:#2bb0ef\"><a href=\"tel:031-99 28 80\">031-99 28 80<\/a><br>\n<a href=\"mailto:info@repak.se\">info@repak.se<\/a><br>\n<a href=\"https:\/\/www.repak.se\">www.repak.se<\/a><\/p>\n\n\n\n<div class=\"wp-block-buttons has-mt-40\">\n<div class=\"wp-block-button\">\n<a href=\"https:\/\/nimetech.fi\/wp-content\/uploads\/2025\/05\/250424-nimetech-landingpage-SV.pdf\" target=\"_blank\" class=\"wp-block-button__link wp-element-button\">LADDA NER PDF<\/a><\/div><\/div>\n\n<\/div>\r\n<\/div>\n\n\n\n<div class=\"wp-block-column is-vertically-aligned-center is-layout-flow wp-block-column-is-layout-flow\">\n<figure class=\"wp-block-image size-full has-border-radius-12\"><img loading=\"lazy\" decoding=\"async\" width=\"812\" height=\"578\" src=\"https:\/\/nimetech.fi\/wp-content\/uploads\/2025\/05\/07-kontakt.jpg\" alt=\"\" class=\"wp-image-73443\" srcset=\"https:\/\/nimetech.fi\/wp-content\/uploads\/2025\/05\/07-kontakt.jpg 812w, https:\/\/nimetech.fi\/wp-content\/uploads\/2025\/05\/07-kontakt-480x342.jpg 480w\" sizes=\"(min-width: 0px) and (max-width: 480px) 480px, (min-width: 481px) 812px, 100vw\" \/><\/figure>\n<\/div>\n<\/div>\n\n\t<\/div>\r\n<\/section>","protected":false},"excerpt":{"rendered":"","protected":false},"author":5,"featured_media":0,"parent":0,"menu_order":0,"comment_status":"closed","ping_status":"closed","template":"","meta":{"_et_pb_use_builder":"off","_et_pb_old_content":"","_et_gb_content_width":"2880","footnotes":""},"class_list":["post-73384","page","type-page","status-publish","hentry"],"_links":{"self":[{"href":"https:\/\/nimetech.fi\/sv\/wp-json\/wp\/v2\/pages\/73384","targetHints":{"allow":["GET"]}}],"collection":[{"href":"https:\/\/nimetech.fi\/sv\/wp-json\/wp\/v2\/pages"}],"about":[{"href":"https:\/\/nimetech.fi\/sv\/wp-json\/wp\/v2\/types\/page"}],"author":[{"embeddable":true,"href":"https:\/\/nimetech.fi\/sv\/wp-json\/wp\/v2\/users\/5"}],"replies":[{"embeddable":true,"href":"https:\/\/nimetech.fi\/sv\/wp-json\/wp\/v2\/comments?post=73384"}],"version-history":[{"count":66,"href":"https:\/\/nimetech.fi\/sv\/wp-json\/wp\/v2\/pages\/73384\/revisions"}],"predecessor-version":[{"id":73486,"href":"https:\/\/nimetech.fi\/sv\/wp-json\/wp\/v2\/pages\/73384\/revisions\/73486"}],"wp:attachment":[{"href":"https:\/\/nimetech.fi\/sv\/wp-json\/wp\/v2\/media?parent=73384"}],"curies":[{"name":"wp","href":"https:\/\/api.w.org\/{rel}","templated":true}]}}